{"id":245,"date":"2023-07-18T02:06:19","date_gmt":"2023-07-18T02:06:19","guid":{"rendered":"https:\/\/pedroquirogabenavides.lupagencia.net\/?page_id=245"},"modified":"2025-02-20T12:38:08","modified_gmt":"2025-02-20T12:38:08","slug":"servicios","status":"publish","type":"page","link":"https:\/\/pedroquirogabenavides.lupagencia.net\/index.php\/servicios\/","title":{"rendered":"Servicios"},"content":{"rendered":"\t\t<div data-elementor-type=\"wp-page\" data-elementor-id=\"245\" class=\"elementor elementor-245\" data-elementor-post-type=\"page\">\n\t\t\t\t\t\t<section class=\"elementor-section elementor-top-section elementor-element elementor-element-14d2ca9d elementor-section-boxed elementor-section-height-default elementor-section-height-default wpr-particle-no wpr-jarallax-no wpr-parallax-no wpr-sticky-section-no\" data-id=\"14d2ca9d\" data-element_type=\"section\" data-settings=\"{&quot;background_background&quot;:&quot;classic&quot;}\">\n\t\t\t\t\t\t\t<div class=\"elementor-background-overlay\"><\/div>\n\t\t\t\t\t\t\t<div class=\"elementor-container elementor-column-gap-default\">\n\t\t\t\t\t<div class=\"elementor-column elementor-col-100 elementor-top-column elementor-element elementor-element-1617b336\" data-id=\"1617b336\" data-element_type=\"column\">\n\t\t\t<div class=\"elementor-widget-wrap elementor-element-populated\">\n\t\t\t\t\t\t\t<\/div>\n\t\t<\/div>\n\t\t\t\t\t<\/div>\n\t\t<\/section>\n\t\t\t\t<section class=\"elementor-section elementor-top-section elementor-element elementor-element-748bd19 elementor-section-boxed elementor-section-height-default elementor-section-height-default wpr-particle-no wpr-jarallax-no wpr-parallax-no wpr-sticky-section-no\" data-id=\"748bd19\" data-element_type=\"section\">\n\t\t\t\t\t\t<div class=\"elementor-container elementor-column-gap-default\">\n\t\t\t\t\t<div class=\"elementor-column elementor-col-100 elementor-top-column elementor-element elementor-element-4e7b082\" data-id=\"4e7b082\" data-element_type=\"column\">\n\t\t\t<div class=\"elementor-widget-wrap elementor-element-populated\">\n\t\t\t\t\t\t<div class=\"elementor-element elementor-element-a0c584c elementor-widget elementor-widget-html\" data-id=\"a0c584c\" data-element_type=\"widget\" data-widget_type=\"html.default\">\n\t\t\t\t<div class=\"elementor-widget-container\">\n\t\t\t\t\t<script>\r\n     \r\njQuery(document).ready(function($) {\r\n     \r\n    $('.boton-bloque').click(function(event) {\r\n     \r\n        event.preventDefault();\r\n        var s = $(this).attr('bloque');\r\n        $('.bloque-texto').hide();\r\n        \/*$('.'+s+'').fadeIn(1500);*\/\r\n        $('.'+s+'').slideToggle();\r\n   \r\n});\r\n \r\n});\r\n     \r\n<\/script>\t\t\t\t<\/div>\n\t\t\t\t<\/div>\n\t\t\t\t\t<\/div>\n\t\t<\/div>\n\t\t\t\t\t<\/div>\n\t\t<\/section>\n\t\t\t\t<section class=\"elementor-section elementor-top-section elementor-element elementor-element-1d52e03 elementor-section-boxed elementor-section-height-default elementor-section-height-default wpr-particle-no wpr-jarallax-no wpr-parallax-no wpr-sticky-section-no\" data-id=\"1d52e03\" data-element_type=\"section\" data-settings=\"{&quot;background_background&quot;:&quot;classic&quot;}\">\n\t\t\t\t\t\t<div class=\"elementor-container elementor-column-gap-default\">\n\t\t\t\t\t<div class=\"elementor-column elementor-col-100 elementor-top-column elementor-element elementor-element-b83a66c\" data-id=\"b83a66c\" data-element_type=\"column\">\n\t\t\t<div class=\"elementor-widget-wrap elementor-element-populated\">\n\t\t\t\t\t\t<div class=\"elementor-element elementor-element-42051c1 elementor-widget elementor-widget-heading\" data-id=\"42051c1\" data-element_type=\"widget\" data-widget_type=\"heading.default\">\n\t\t\t\t<div class=\"elementor-widget-container\">\n\t\t\t\t\t<h2 class=\"elementor-heading-title elementor-size-default\">INSOLVENCIA Y PROCESOS DE LIQUIDACI\u00d3N<\/h2>\t\t\t\t<\/div>\n\t\t\t\t<\/div>\n\t\t\t\t\t<\/div>\n\t\t<\/div>\n\t\t\t\t\t<\/div>\n\t\t<\/section>\n\t\t\t\t<section class=\"elementor-section elementor-top-section elementor-element elementor-element-4566581 elementor-section-boxed elementor-section-height-default elementor-section-height-default wpr-particle-no wpr-jarallax-no wpr-parallax-no wpr-sticky-section-no\" data-id=\"4566581\" data-element_type=\"section\" data-settings=\"{&quot;background_background&quot;:&quot;classic&quot;}\">\n\t\t\t\t\t\t<div class=\"elementor-container elementor-column-gap-default\">\n\t\t\t\t\t<div class=\"elementor-column elementor-col-100 elementor-top-column elementor-element elementor-element-689f444\" data-id=\"689f444\" data-element_type=\"column\">\n\t\t\t<div class=\"elementor-widget-wrap elementor-element-populated\">\n\t\t\t\t\t\t<div class=\"elementor-element elementor-element-30421c3 boton-bloque elementor-widget elementor-widget-image\" data-id=\"30421c3\" data-element_type=\"widget\" bloque=\"seccion9\" data-widget_type=\"image.default\">\n\t\t\t\t<div class=\"elementor-widget-container\">\n\t\t\t\t\t\t\t\t\t\t\t\t\t\t\t<img fetchpriority=\"high\" decoding=\"async\" width=\"800\" height=\"491\" src=\"https:\/\/pedroquirogabenavides.lupagencia.net\/wp-content\/uploads\/2024\/04\/Imagen-de-WhatsApp-2024-04-02-a-las-14.23.09_24b3b9c7-1024x628.jpg\" class=\"elementor-animation-shrink attachment-large size-large wp-image-980\" alt=\"\" srcset=\"https:\/\/pedroquirogabenavides.lupagencia.net\/wp-content\/uploads\/2024\/04\/Imagen-de-WhatsApp-2024-04-02-a-las-14.23.09_24b3b9c7-1024x628.jpg 1024w, https:\/\/pedroquirogabenavides.lupagencia.net\/wp-content\/uploads\/2024\/04\/Imagen-de-WhatsApp-2024-04-02-a-las-14.23.09_24b3b9c7-300x184.jpg 300w, https:\/\/pedroquirogabenavides.lupagencia.net\/wp-content\/uploads\/2024\/04\/Imagen-de-WhatsApp-2024-04-02-a-las-14.23.09_24b3b9c7-768x471.jpg 768w, https:\/\/pedroquirogabenavides.lupagencia.net\/wp-content\/uploads\/2024\/04\/Imagen-de-WhatsApp-2024-04-02-a-las-14.23.09_24b3b9c7.jpg 1080w\" sizes=\"(max-width: 800px) 100vw, 800px\" \/>\t\t\t\t\t\t\t\t\t\t\t\t\t\t\t<\/div>\n\t\t\t\t<\/div>\n\t\t\t\t\t<\/div>\n\t\t<\/div>\n\t\t\t\t\t<\/div>\n\t\t<\/section>\n\t\t\t\t<section class=\"elementor-section elementor-top-section elementor-element elementor-element-0d97f6b elementor-reverse-tablet elementor-reverse-mobile bloque-texto seccion9 elementor-hidden-desktop elementor-hidden-tablet elementor-hidden-mobile elementor-section-boxed elementor-section-height-default elementor-section-height-default wpr-particle-no wpr-jarallax-no wpr-parallax-no wpr-sticky-section-no\" data-id=\"0d97f6b\" data-element_type=\"section\">\n\t\t\t\t\t\t<div class=\"elementor-container elementor-column-gap-default\">\n\t\t\t\t\t<div class=\"elementor-column elementor-col-50 elementor-top-column elementor-element elementor-element-d2c048b elementor-invisible\" data-id=\"d2c048b\" data-element_type=\"column\" data-settings=\"{&quot;background_background&quot;:&quot;classic&quot;,&quot;animation&quot;:&quot;fadeInUp&quot;,&quot;animation_delay&quot;:200}\">\n\t\t\t<div class=\"elementor-widget-wrap elementor-element-populated\">\n\t\t\t\t\t<div class=\"elementor-background-overlay\"><\/div>\n\t\t\t\t\t\t<div class=\"elementor-element elementor-element-53aead1 elementor-widget elementor-widget-spacer\" data-id=\"53aead1\" data-element_type=\"widget\" data-widget_type=\"spacer.default\">\n\t\t\t\t<div class=\"elementor-widget-container\">\n\t\t\t\t\t\t\t<div class=\"elementor-spacer\">\n\t\t\t<div class=\"elementor-spacer-inner\"><\/div>\n\t\t<\/div>\n\t\t\t\t\t\t<\/div>\n\t\t\t\t<\/div>\n\t\t\t\t<div class=\"elementor-element elementor-element-47adffa elementor-widget elementor-widget-spacer\" data-id=\"47adffa\" data-element_type=\"widget\" data-widget_type=\"spacer.default\">\n\t\t\t\t<div class=\"elementor-widget-container\">\n\t\t\t\t\t\t\t<div class=\"elementor-spacer\">\n\t\t\t<div class=\"elementor-spacer-inner\"><\/div>\n\t\t<\/div>\n\t\t\t\t\t\t<\/div>\n\t\t\t\t<\/div>\n\t\t\t\t\t<\/div>\n\t\t<\/div>\n\t\t\t\t<div class=\"elementor-column elementor-col-50 elementor-top-column elementor-element elementor-element-72e8976 elementor-invisible\" data-id=\"72e8976\" data-element_type=\"column\" data-settings=\"{&quot;background_background&quot;:&quot;classic&quot;,&quot;animation&quot;:&quot;fadeInUp&quot;}\">\n\t\t\t<div class=\"elementor-widget-wrap elementor-element-populated\">\n\t\t\t\t\t\t<div class=\"elementor-element elementor-element-d1ec3fc elementor-widget elementor-widget-text-editor\" data-id=\"d1ec3fc\" data-element_type=\"widget\" data-widget_type=\"text-editor.default\">\n\t\t\t\t<div class=\"elementor-widget-container\">\n\t\t\t\t\t\t\t\t\t<p>&#8211; Asesor\u00eda para inicio de tr\u00e1mites de reorganizaci\u00f3n y liquidaci\u00f3n judicial ante la Superintendencia de Sociedades<\/p><p>&#8211; Acompa\u00f1amiento y gesti\u00f3n para la negociaci\u00f3n de acreencias en procesos de insolvencia<\/p><p>&#8211; Representaci\u00f3n de acreedores en procesos de insolvencia, intervenci\u00f3n y reorganizaci\u00f3n empresarial<\/p>\t\t\t\t\t\t\t\t<\/div>\n\t\t\t\t<\/div>\n\t\t\t\t\t<\/div>\n\t\t<\/div>\n\t\t\t\t\t<\/div>\n\t\t<\/section>\n\t\t\t\t<section class=\"elementor-section elementor-top-section elementor-element elementor-element-31ab072 elementor-section-full_width elementor-hidden-desktop elementor-hidden-tablet elementor-hidden-mobile elementor-section-height-default elementor-section-height-default wpr-particle-no wpr-jarallax-no wpr-parallax-no wpr-sticky-section-no\" data-id=\"31ab072\" data-element_type=\"section\">\n\t\t\t\t\t\t<div class=\"elementor-container elementor-column-gap-default\">\n\t\t\t\t\t<div class=\"elementor-column elementor-col-100 elementor-top-column elementor-element elementor-element-1fc73b5\" data-id=\"1fc73b5\" data-element_type=\"column\">\n\t\t\t<div class=\"elementor-widget-wrap elementor-element-populated\">\n\t\t\t\t\t\t<div class=\"elementor-element elementor-element-3e36aa2 elementor-flip-box--effect-push elementor-flip-box--direction-up elementor-widget elementor-widget-flip-box\" data-id=\"3e36aa2\" data-element_type=\"widget\" data-widget_type=\"flip-box.default\">\n\t\t\t\t<div class=\"elementor-widget-container\">\n\t\t\t\t\t\t\t<div class=\"elementor-flip-box\" tabindex=\"0\">\n\t\t\t<div class=\"elementor-flip-box__layer elementor-flip-box__front\">\n\t\t\t\t<div class=\"elementor-flip-box__layer__overlay\">\n\t\t\t\t\t<div class=\"elementor-flip-box__layer__inner\">\n\t\t\t\t\t\t\n\t\t\t\t\t\t\t\t\t\t\t\t\t<h3 class=\"elementor-flip-box__layer__title\">\n\t\t\t\t\t\t\t\tINSOLVENCIA Y PROCESOS DE LIQUIDACI\u00d3N\u200b\t\t\t\t\t\t\t<\/h3>\n\t\t\t\t\t\t\n\t\t\t\t\t\t\t\t\t\t\t<\/div>\n\t\t\t\t<\/div>\n\t\t\t<\/div>\n\t\t\t<div class=\"elementor-flip-box__layer elementor-flip-box__back\">\n\t\t\t<div class=\"elementor-flip-box__layer__overlay\">\n\t\t\t\t<div class=\"elementor-flip-box__layer__inner\">\n\t\t\t\t\t\n\t\t\t\t\t\t\t\t\t\t\t<div class=\"elementor-flip-box__layer__description\">\n\t\t\t\t\t\t\t- Asesor\u00eda para inicio de tr\u00e1mites de reorganizaci\u00f3n y liquidaci\u00f3n judicial ante la Superintendencia de Sociedades\n<br>\n- Acompa\u00f1amiento y gesti\u00f3n para la negociaci\u00f3n de acreencias en procesos de insolvencia\n<br>\n- Representaci\u00f3n de acreedores en procesos de insolvencia, intervenci\u00f3n y reorganizaci\u00f3n empresarial\t\t\t\t\t\t<\/div>\n\t\t\t\t\t\n\t\t\t\t\t\t\t\t<\/div>\n\t\t<\/div>\n\t\t<\/div>\n\t\t<\/div>\n\t\t\t\t\t\t<\/div>\n\t\t\t\t<\/div>\n\t\t\t\t\t<\/div>\n\t\t<\/div>\n\t\t\t\t\t<\/div>\n\t\t<\/section>\n\t\t\t\t<section class=\"elementor-section elementor-top-section elementor-element elementor-element-0b4643b elementor-section-full_width elementor-hidden-desktop elementor-hidden-tablet elementor-hidden-mobile elementor-section-height-default elementor-section-height-default wpr-particle-no wpr-jarallax-no wpr-parallax-no wpr-sticky-section-no\" data-id=\"0b4643b\" data-element_type=\"section\">\n\t\t\t\t\t\t<div class=\"elementor-container elementor-column-gap-default\">\n\t\t\t\t\t<div class=\"elementor-column elementor-col-33 elementor-top-column elementor-element elementor-element-f6f41fa\" data-id=\"f6f41fa\" data-element_type=\"column\" data-settings=\"{&quot;background_background&quot;:&quot;classic&quot;}\">\n\t\t\t<div class=\"elementor-widget-wrap elementor-element-populated\">\n\t\t\t\t\t\t<div class=\"elementor-element elementor-element-8b910ce elementor-flip-box--effect-push elementor-flip-box--direction-up elementor-widget elementor-widget-flip-box\" data-id=\"8b910ce\" data-element_type=\"widget\" data-widget_type=\"flip-box.default\">\n\t\t\t\t<div class=\"elementor-widget-container\">\n\t\t\t\t\t\t\t<div class=\"elementor-flip-box\" tabindex=\"0\">\n\t\t\t<div class=\"elementor-flip-box__layer elementor-flip-box__front\">\n\t\t\t\t<div class=\"elementor-flip-box__layer__overlay\">\n\t\t\t\t\t<div class=\"elementor-flip-box__layer__inner\">\n\t\t\t\t\t\t\n\t\t\t\t\t\t\t\t\t\t\t\t\t<h3 class=\"elementor-flip-box__layer__title\">\n\t\t\t\t\t\t\t\tDerecho Societario\t\t\t\t\t\t\t<\/h3>\n\t\t\t\t\t\t\n\t\t\t\t\t\t\t\t\t\t\t<\/div>\n\t\t\t\t<\/div>\n\t\t\t<\/div>\n\t\t\t<div class=\"elementor-flip-box__layer elementor-flip-box__back\">\n\t\t\t<div class=\"elementor-flip-box__layer__overlay\">\n\t\t\t\t<div class=\"elementor-flip-box__layer__inner\">\n\t\t\t\t\t\n\t\t\t\t\t\t\t\t\t\t\t<div class=\"elementor-flip-box__layer__description\">\n\t\t\t\t\t\t\t- Consultor\u00eda para la estructuraci\u00f3n de nuevas sociedades o modelos de asociaci\u00f3n\n<br>\n- Asesor\u00eda para empresas familiares <br>\u2013 Sucesi\u00f3n de acciones, planificaci\u00f3n patrimonial <br>\n\n- Constituci\u00f3n y liquidaci\u00f3n de sociedades, ampliaci\u00f3n o reducci\u00f3n de capital, transformaciones, reformas estatutarias y acuerdos de accionistas.\n<br>\n- Acompa\u00f1amiento y asesor\u00eda a la inversi\u00f3n extranjera.\t\t\t\t\t\t<\/div>\n\t\t\t\t\t\n\t\t\t\t\t\t\t\t<\/div>\n\t\t<\/div>\n\t\t<\/div>\n\t\t<\/div>\n\t\t\t\t\t\t<\/div>\n\t\t\t\t<\/div>\n\t\t\t\t\t<\/div>\n\t\t<\/div>\n\t\t\t\t<div class=\"elementor-column elementor-col-33 elementor-top-column elementor-element elementor-element-09ac64e\" data-id=\"09ac64e\" data-element_type=\"column\">\n\t\t\t<div class=\"elementor-widget-wrap elementor-element-populated\">\n\t\t\t\t\t\t<div class=\"elementor-element elementor-element-f6d884e elementor-flip-box--effect-push elementor-flip-box--direction-up elementor-widget elementor-widget-flip-box\" data-id=\"f6d884e\" data-element_type=\"widget\" data-widget_type=\"flip-box.default\">\n\t\t\t\t<div class=\"elementor-widget-container\">\n\t\t\t\t\t\t\t<div class=\"elementor-flip-box\" tabindex=\"0\">\n\t\t\t<div class=\"elementor-flip-box__layer elementor-flip-box__front\">\n\t\t\t\t<div class=\"elementor-flip-box__layer__overlay\">\n\t\t\t\t\t<div class=\"elementor-flip-box__layer__inner\">\n\t\t\t\t\t\t\n\t\t\t\t\t\t\t\t\t\t\t\t\t<h3 class=\"elementor-flip-box__layer__title\">\n\t\t\t\t\t\t\t\tDerecho Comercial\t\t\t\t\t\t\t<\/h3>\n\t\t\t\t\t\t\n\t\t\t\t\t\t\t\t\t\t\t<\/div>\n\t\t\t\t<\/div>\n\t\t\t<\/div>\n\t\t\t<div class=\"elementor-flip-box__layer elementor-flip-box__back\">\n\t\t\t<div class=\"elementor-flip-box__layer__overlay\">\n\t\t\t\t<div class=\"elementor-flip-box__layer__inner\">\n\t\t\t\t\t\n\t\t\t\t\t\t\t\t\t\t\t<div class=\"elementor-flip-box__layer__description\">\n\t\t\t\t\t\t\t- Estructuraci\u00f3n de contratos comerciales, convenios asociativos, \nexpansi\u00f3n de marcas y canales comerciales \n<br>\n- Asesor\u00eda legal para franquicias, marcas y modelos de expansi\u00f3n \n<br>\n- Asesor\u00eda e implementaci\u00f3n de pol\u00edticas, manuales y autorizaciones \npara la protecci\u00f3n y tratamiento de datos.\n<br> - Asesor\u00eda e implementaci\u00f3n de pol\u00edticas, manuales y C\u00f3digos de \nGobierno Corporativo\n<br>\n- Derechos del consumidor: Garant\u00edas, productos defectuosos, \ncontratos de adhesi\u00f3n\n<br>\n-Asesor\u00eda en comercio electr\u00f3nico\n\t\t\t\t\t\t<\/div>\n\t\t\t\t\t\n\t\t\t\t\t\t\t\t<\/div>\n\t\t<\/div>\n\t\t<\/div>\n\t\t<\/div>\n\t\t\t\t\t\t<\/div>\n\t\t\t\t<\/div>\n\t\t\t\t\t<\/div>\n\t\t<\/div>\n\t\t\t\t<div class=\"elementor-column elementor-col-33 elementor-top-column elementor-element elementor-element-e4990a3\" data-id=\"e4990a3\" data-element_type=\"column\">\n\t\t\t<div class=\"elementor-widget-wrap elementor-element-populated\">\n\t\t\t\t\t\t<div class=\"elementor-element elementor-element-8c316f3 elementor-flip-box--effect-push elementor-flip-box--direction-up elementor-widget elementor-widget-flip-box\" data-id=\"8c316f3\" data-element_type=\"widget\" data-widget_type=\"flip-box.default\">\n\t\t\t\t<div class=\"elementor-widget-container\">\n\t\t\t\t\t\t\t<div class=\"elementor-flip-box\" tabindex=\"0\">\n\t\t\t<div class=\"elementor-flip-box__layer elementor-flip-box__front\">\n\t\t\t\t<div class=\"elementor-flip-box__layer__overlay\">\n\t\t\t\t\t<div class=\"elementor-flip-box__layer__inner\">\n\t\t\t\t\t\t\n\t\t\t\t\t\t\t\t\t\t\t\t\t<h3 class=\"elementor-flip-box__layer__title\">\n\t\t\t\t\t\t\t\tDerecho Civil\t\t\t\t\t\t\t<\/h3>\n\t\t\t\t\t\t\n\t\t\t\t\t\t\t\t\t\t\t\t\t<div class=\"elementor-flip-box__layer__description\">\n\t\t\t\t\t\t\t\t- Estudio de t\u00edtulos y evaluaci\u00f3n inmobiliaria\n\n- Tr\u00e1mites Notariales\n\n- Contratos civiles\n\n- Sucesiones\t\t\t\t\t\t\t<\/div>\n\t\t\t\t\t\t\t\t\t\t\t<\/div>\n\t\t\t\t<\/div>\n\t\t\t<\/div>\n\t\t\t<div class=\"elementor-flip-box__layer elementor-flip-box__back\">\n\t\t\t<div class=\"elementor-flip-box__layer__overlay\">\n\t\t\t\t<div class=\"elementor-flip-box__layer__inner\">\n\t\t\t\t\t\n\t\t\t\t\t\n\t\t\t\t\t\t\t\t<\/div>\n\t\t<\/div>\n\t\t<\/div>\n\t\t<\/div>\n\t\t\t\t\t\t<\/div>\n\t\t\t\t<\/div>\n\t\t\t\t\t<\/div>\n\t\t<\/div>\n\t\t\t\t\t<\/div>\n\t\t<\/section>\n\t\t\t\t<\/div>\n\t\t","protected":false},"excerpt":{"rendered":"<p>INSOLVENCIA Y PROCESOS DE LIQUIDACI\u00d3N &#8211; Asesor\u00eda para inicio de tr\u00e1mites de reorganizaci\u00f3n y liquidaci\u00f3n judicial ante la Superintendencia de Sociedades &#8211; Acompa\u00f1amiento y gesti\u00f3n para la negociaci\u00f3n de acreencias en procesos de insolvencia &#8211; Representaci\u00f3n de acreedores en procesos de insolvencia, intervenci\u00f3n y reorganizaci\u00f3n empresarial INSOLVENCIA Y PROCESOS DE LIQUIDACI\u00d3N\u200b &#8211; Asesor\u00eda para inicio de tr\u00e1mites de reorganizaci\u00f3n y liquidaci\u00f3n judicial ante la Superintendencia de Sociedades &#8211; Acompa\u00f1amiento y gesti\u00f3n para la negociaci\u00f3n de acreencias en procesos de insolvencia &#8211; Representaci\u00f3n de acreedores en procesos de insolvencia, intervenci\u00f3n y reorganizaci\u00f3n empresarial Derecho Societario &#8211; Consultor\u00eda para la estructuraci\u00f3n de nuevas sociedades o modelos de asociaci\u00f3n &#8211; Asesor\u00eda para empresas familiares \u2013 Sucesi\u00f3n de acciones, planificaci\u00f3n patrimonial &#8211; Constituci\u00f3n y liquidaci\u00f3n de sociedades, ampliaci\u00f3n o reducci\u00f3n de capital, transformaciones, reformas estatutarias y acuerdos de accionistas. &#8211; Acompa\u00f1amiento y asesor\u00eda a la inversi\u00f3n extranjera. Derecho Comercial &#8211; Estructuraci\u00f3n de contratos comerciales, convenios asociativos, expansi\u00f3n de marcas y canales comerciales &#8211; Asesor\u00eda legal para franquicias, marcas y modelos de expansi\u00f3n &#8211; Asesor\u00eda e implementaci\u00f3n de pol\u00edticas, manuales y autorizaciones para la protecci\u00f3n y tratamiento de datos. &#8211; Asesor\u00eda e implementaci\u00f3n de pol\u00edticas, manuales y C\u00f3digos de Gobierno Corporativo &#8211; Derechos del consumidor: Garant\u00edas, productos defectuosos, contratos de adhesi\u00f3n -Asesor\u00eda en comercio electr\u00f3nico Derecho Civil &#8211; Estudio de t\u00edtulos y evaluaci\u00f3n inmobiliaria &#8211; Tr\u00e1mites Notariales &#8211; Contratos civiles &#8211; Sucesiones<\/p>\n","protected":false},"author":1,"featured_media":0,"parent":0,"menu_order":0,"comment_status":"closed","ping_status":"closed","template":"","meta":{"_eb_attr":"","footnotes":""},"class_list":["post-245","page","type-page","status-publish","hentry"],"_links":{"self":[{"href":"https:\/\/pedroquirogabenavides.lupagencia.net\/index.php\/wp-json\/wp\/v2\/pages\/245","targetHints":{"allow":["GET"]}}],"collection":[{"href":"https:\/\/pedroquirogabenavides.lupagencia.net\/index.php\/wp-json\/wp\/v2\/pages"}],"about":[{"href":"https:\/\/pedroquirogabenavides.lupagencia.net\/index.php\/wp-json\/wp\/v2\/types\/page"}],"author":[{"embeddable":true,"href":"https:\/\/pedroquirogabenavides.lupagencia.net\/index.php\/wp-json\/wp\/v2\/users\/1"}],"replies":[{"embeddable":true,"href":"https:\/\/pedroquirogabenavides.lupagencia.net\/index.php\/wp-json\/wp\/v2\/comments?post=245"}],"version-history":[{"count":157,"href":"https:\/\/pedroquirogabenavides.lupagencia.net\/index.php\/wp-json\/wp\/v2\/pages\/245\/revisions"}],"predecessor-version":[{"id":1277,"href":"https:\/\/pedroquirogabenavides.lupagencia.net\/index.php\/wp-json\/wp\/v2\/pages\/245\/revisions\/1277"}],"wp:attachment":[{"href":"https:\/\/pedroquirogabenavides.lupagencia.net\/index.php\/wp-json\/wp\/v2\/media?parent=245"}],"curies":[{"name":"wp","href":"https:\/\/api.w.org\/{rel}","templated":true}]}}